{"id":213,"date":"2024-03-26T21:35:38","date_gmt":"2024-03-26T21:35:38","guid":{"rendered":"https:\/\/strategie.allianceswisspass.ch\/kundschaft-gewinnen-und-binden\/"},"modified":"2024-04-17T17:23:40","modified_gmt":"2024-04-17T17:23:40","slug":"seduire-et-fideliser-la-clientele","status":"publish","type":"page","link":"https:\/\/strategie.allianceswisspass.ch\/fr\/seduire-et-fideliser-la-clientele\/","title":{"rendered":"S\u00e9duire et fid\u00e9liser la client\u00e8le"},"content":{"rendered":"","protected":false},"excerpt":{"rendered":"","protected":false},"author":1,"featured_media":111,"parent":0,"menu_order":0,"comment_status":"closed","ping_status":"closed","template":"","meta":{"footnotes":""},"acf":[],"_links":{"self":[{"href":"https:\/\/strategie.allianceswisspass.ch\/fr\/wp-json\/wp\/v2\/pages\/213"}],"collection":[{"href":"https:\/\/strategie.allianceswisspass.ch\/fr\/wp-json\/wp\/v2\/pages"}],"about":[{"href":"https:\/\/strategie.allianceswisspass.ch\/fr\/wp-json\/wp\/v2\/types\/page"}],"author":[{"embeddable":true,"href":"https:\/\/strategie.allianceswisspass.ch\/fr\/wp-json\/wp\/v2\/users\/1"}],"replies":[{"embeddable":true,"href":"https:\/\/strategie.allianceswisspass.ch\/fr\/wp-json\/wp\/v2\/comments?post=213"}],"version-history":[{"count":8,"href":"https:\/\/strategie.allianceswisspass.ch\/fr\/wp-json\/wp\/v2\/pages\/213\/revisions"}],"predecessor-version":[{"id":751,"href":"https:\/\/strategie.allianceswisspass.ch\/fr\/wp-json\/wp\/v2\/pages\/213\/revisions\/751"}],"wp:featuredmedia":[{"embeddable":true,"href":"https:\/\/strategie.allianceswisspass.ch\/fr\/wp-json\/wp\/v2\/media\/111"}],"wp:attachment":[{"href":"https:\/\/strategie.allianceswisspass.ch\/fr\/wp-json\/wp\/v2\/media?parent=213"}],"curies":[{"name":"wp","href":"https:\/\/api.w.org\/{rel}","templated":true}]}}